{"id":6512,"date":"2020-05-22T17:07:34","date_gmt":"2020-05-22T17:07:34","guid":{"rendered":"http:\/\/localhost\/cm-es\/?post_type=product&#038;p=6512"},"modified":"2023-05-18T15:28:01","modified_gmt":"2023-05-18T21:28:01","slug":"home-office-y-estudio","status":"publish","type":"product","link":"https:\/\/closet-makers.com\/es\/productos\/home-office-y-estudio\/","title":{"rendered":"Home Office y Estudio"},"content":{"rendered":"","protected":false},"excerpt":{"rendered":"<p>El estudio desde casa y home office, han aumentado dr\u00e1sticamente los \u00faltimos a\u00f1os, por lo tanto, es importante crear espacios confortables y agradable para estudiar y\/o trabajar. Nosotros te ayudamos a lograrlo con dise\u00f1os exclusivos de calidad y que se adaptan a tus deseos.<br \/>\n[vc_row][vc_column][vc_btn title=\u00bbAsesor\u00eda Gratuita\u00bb style=\u00bbflat\u00bb shape=\u00bbround\u00bb color=\u00bbgreen\u00bb size=\u00bblg\u00bb align=\u00bbcenter\u00bb link=\u00bburl:https%3A%2F%2Fcloset-makers.com%2Fes%2Fasesoria-gratuita%2F|title:Asesor%C3%ADa%20Gratuita\u00bb][\/vc_column][\/vc_row]<\/p>\n","protected":false},"featured_media":6528,"template":"","meta":[],"product_cat":[169],"product_tag":[],"class_list":{"0":"post-6512","1":"product","2":"type-product","3":"status-publish","4":"has-post-thumbnail","6":"product_cat-otros-productos","8":"first","9":"instock","10":"shipping-taxable","11":"product-type-simple"},"aioseo_notices":[],"_links":{"self":[{"href":"https:\/\/closet-makers.com\/es\/wp-json\/wp\/v2\/product\/6512","targetHints":{"allow":["GET"]}}],"collection":[{"href":"https:\/\/closet-makers.com\/es\/wp-json\/wp\/v2\/product"}],"about":[{"href":"https:\/\/closet-makers.com\/es\/wp-json\/wp\/v2\/types\/product"}],"wp:featuredmedia":[{"embeddable":true,"href":"https:\/\/closet-makers.com\/es\/wp-json\/wp\/v2\/media\/6528"}],"wp:attachment":[{"href":"https:\/\/closet-makers.com\/es\/wp-json\/wp\/v2\/media?parent=6512"}],"wp:term":[{"taxonomy":"product_cat","embeddable":true,"href":"https:\/\/closet-makers.com\/es\/wp-json\/wp\/v2\/product_cat?post=6512"},{"taxonomy":"product_tag","embeddable":true,"href":"https:\/\/closet-makers.com\/es\/wp-json\/wp\/v2\/product_tag?post=6512"}],"curies":[{"name":"wp","href":"https:\/\/api.w.org\/{rel}","templated":true}]}}