{"id":6033,"date":"2020-05-04T20:26:38","date_gmt":"2020-05-04T20:26:38","guid":{"rendered":"http:\/\/localhost\/cm-es\/?post_type=product&#038;p=6033"},"modified":"2023-05-18T15:28:08","modified_gmt":"2023-05-18T21:28:08","slug":"muebles-de-bano","status":"publish","type":"product","link":"https:\/\/closet-makers.com\/es\/productos\/muebles-de-bano\/","title":{"rendered":"Muebles de Ba\u00f1o"},"content":{"rendered":"","protected":false},"excerpt":{"rendered":"<p>Disfruta tus momentos de placer y relajaci\u00f3n acompa\u00f1ados de un dise\u00f1o \u00fanico y espacios confortables.<\/p>\n<p>Aprovechamos al m\u00e1ximo el espacio aportando calidad, dise\u00f1o y contraste.<\/p>\n<p>Dise\u00f1amos y fabricamos muebles de ba\u00f1o personalizados, organizadores y tocadores, desde lo cl\u00e1sico hasta lo contempor\u00e1neo.<br \/>\n[vc_row][vc_column][vc_btn title=\u00bbAsesor\u00eda Gratuita\u00bb style=\u00bbflat\u00bb shape=\u00bbround\u00bb color=\u00bbgreen\u00bb size=\u00bblg\u00bb align=\u00bbcenter\u00bb link=\u00bburl:https%3A%2F%2Fcloset-makers.com%2Fes%2Fasesoria-gratuita%2F|title:Asesor%C3%ADa%20Gratuita\u00bb][\/vc_column][\/vc_row]<\/p>\n","protected":false},"featured_media":6481,"template":"","meta":[],"product_cat":[167],"product_tag":[],"class_list":{"0":"post-6033","1":"product","2":"type-product","3":"status-publish","4":"has-post-thumbnail","6":"product_cat-productos","8":"first","9":"instock","10":"shipping-taxable","11":"product-type-simple"},"aioseo_notices":[],"_links":{"self":[{"href":"https:\/\/closet-makers.com\/es\/wp-json\/wp\/v2\/product\/6033","targetHints":{"allow":["GET"]}}],"collection":[{"href":"https:\/\/closet-makers.com\/es\/wp-json\/wp\/v2\/product"}],"about":[{"href":"https:\/\/closet-makers.com\/es\/wp-json\/wp\/v2\/types\/product"}],"wp:featuredmedia":[{"embeddable":true,"href":"https:\/\/closet-makers.com\/es\/wp-json\/wp\/v2\/media\/6481"}],"wp:attachment":[{"href":"https:\/\/closet-makers.com\/es\/wp-json\/wp\/v2\/media?parent=6033"}],"wp:term":[{"taxonomy":"product_cat","embeddable":true,"href":"https:\/\/closet-makers.com\/es\/wp-json\/wp\/v2\/product_cat?post=6033"},{"taxonomy":"product_tag","embeddable":true,"href":"https:\/\/closet-makers.com\/es\/wp-json\/wp\/v2\/product_tag?post=6033"}],"curies":[{"name":"wp","href":"https:\/\/api.w.org\/{rel}","templated":true}]}}