{"id":6029,"date":"2020-05-04T15:42:02","date_gmt":"2020-05-04T15:42:02","guid":{"rendered":"http:\/\/localhost\/cm-es\/?post_type=product&#038;p=6029"},"modified":"2023-05-18T15:28:24","modified_gmt":"2023-05-18T21:28:24","slug":"garaje","status":"publish","type":"product","link":"https:\/\/closet-makers.com\/es\/productos\/garaje\/","title":{"rendered":"Garaje"},"content":{"rendered":"","protected":false},"excerpt":{"rendered":"<p>Nuestro objetivo principal es maximizar el espacio y ofrecerte opciones de organizaci\u00f3n. Tu garaje podr\u00eda construirse eficientemente para crear espacio para tus deportes, autos, pasatiempos y equipos. Perm\u00edtenos una asesor\u00eda y transformaremos tus deseos en el mueble y lugar que quieres.<br \/>\n[vc_row][vc_column][vc_btn title=\u00bbAsesor\u00eda Gratuita\u00bb style=\u00bbflat\u00bb shape=\u00bbround\u00bb color=\u00bbgreen\u00bb size=\u00bblg\u00bb align=\u00bbcenter\u00bb link=\u00bburl:https%3A%2F%2Fcloset-makers.com%2Fes%2Fasesoria-gratuita%2F|title:Asesor%C3%ADa%20Gratuita\u00bb][\/vc_column][\/vc_row]<\/p>\n","protected":false},"featured_media":6478,"template":"","meta":[],"product_cat":[167],"product_tag":[],"class_list":{"0":"post-6029","1":"product","2":"type-product","3":"status-publish","4":"has-post-thumbnail","6":"product_cat-productos","8":"first","9":"instock","10":"shipping-taxable","11":"product-type-simple"},"aioseo_notices":[],"_links":{"self":[{"href":"https:\/\/closet-makers.com\/es\/wp-json\/wp\/v2\/product\/6029","targetHints":{"allow":["GET"]}}],"collection":[{"href":"https:\/\/closet-makers.com\/es\/wp-json\/wp\/v2\/product"}],"about":[{"href":"https:\/\/closet-makers.com\/es\/wp-json\/wp\/v2\/types\/product"}],"wp:featuredmedia":[{"embeddable":true,"href":"https:\/\/closet-makers.com\/es\/wp-json\/wp\/v2\/media\/6478"}],"wp:attachment":[{"href":"https:\/\/closet-makers.com\/es\/wp-json\/wp\/v2\/media?parent=6029"}],"wp:term":[{"taxonomy":"product_cat","embeddable":true,"href":"https:\/\/closet-makers.com\/es\/wp-json\/wp\/v2\/product_cat?post=6029"},{"taxonomy":"product_tag","embeddable":true,"href":"https:\/\/closet-makers.com\/es\/wp-json\/wp\/v2\/product_tag?post=6029"}],"curies":[{"name":"wp","href":"https:\/\/api.w.org\/{rel}","templated":true}]}}