{"id":6028,"date":"2020-05-04T15:42:01","date_gmt":"2020-05-04T15:42:01","guid":{"rendered":"http:\/\/localhost\/cm-es\/?post_type=product&#038;p=6028"},"modified":"2023-05-18T15:28:41","modified_gmt":"2023-05-18T21:28:41","slug":"lavanderia","status":"publish","type":"product","link":"https:\/\/closet-makers.com\/es\/productos\/lavanderia\/","title":{"rendered":"Lavander\u00eda"},"content":{"rendered":"","protected":false},"excerpt":{"rendered":"<p>La zona de lavado puede ser un lugar agradable y con estilo. Te ofrecemos diferentes soluciones para poder crear un espacio integrado con su decoraci\u00f3n. Cons\u00faltanos y dise\u00f1aremos un espacio agradable y funcional.<br \/>\n[vc_row][vc_column][vc_btn title=\u00bbAsesor\u00eda Gratuita\u00bb style=\u00bbflat\u00bb shape=\u00bbround\u00bb color=\u00bbgreen\u00bb size=\u00bblg\u00bb align=\u00bbcenter\u00bb link=\u00bburl:https%3A%2F%2Fcloset-makers.com%2Fes%2Fasesoria-gratuita%2F|title:Asesor%C3%ADa%20Gratuita\u00bb][\/vc_column][\/vc_row]<\/p>\n","protected":false},"featured_media":6454,"template":"","meta":[],"product_cat":[169],"product_tag":[],"class_list":{"0":"post-6028","1":"product","2":"type-product","3":"status-publish","4":"has-post-thumbnail","6":"product_cat-otros-productos","8":"first","9":"instock","10":"shipping-taxable","11":"product-type-simple"},"aioseo_notices":[],"_links":{"self":[{"href":"https:\/\/closet-makers.com\/es\/wp-json\/wp\/v2\/product\/6028","targetHints":{"allow":["GET"]}}],"collection":[{"href":"https:\/\/closet-makers.com\/es\/wp-json\/wp\/v2\/product"}],"about":[{"href":"https:\/\/closet-makers.com\/es\/wp-json\/wp\/v2\/types\/product"}],"wp:featuredmedia":[{"embeddable":true,"href":"https:\/\/closet-makers.com\/es\/wp-json\/wp\/v2\/media\/6454"}],"wp:attachment":[{"href":"https:\/\/closet-makers.com\/es\/wp-json\/wp\/v2\/media?parent=6028"}],"wp:term":[{"taxonomy":"product_cat","embeddable":true,"href":"https:\/\/closet-makers.com\/es\/wp-json\/wp\/v2\/product_cat?post=6028"},{"taxonomy":"product_tag","embeddable":true,"href":"https:\/\/closet-makers.com\/es\/wp-json\/wp\/v2\/product_tag?post=6028"}],"curies":[{"name":"wp","href":"https:\/\/api.w.org\/{rel}","templated":true}]}}