{"id":6027,"date":"2020-05-04T15:42:00","date_gmt":"2020-05-04T15:42:00","guid":{"rendered":"http:\/\/localhost\/cm-es\/?post_type=product&#038;p=6027"},"modified":"2023-05-18T15:29:03","modified_gmt":"2023-05-18T21:29:03","slug":"remodelacion","status":"publish","type":"product","link":"https:\/\/closet-makers.com\/es\/productos\/remodelacion\/","title":{"rendered":"Remodelaci\u00f3n"},"content":{"rendered":"","protected":false},"excerpt":{"rendered":"<p>La transformaci\u00f3n de tu hogar debe realizarse por manos confiables. Realizamos proyectos de remodelaci\u00f3n de casas y apartamentos cuidando todos los detalles, creando espacios adecuados y agradables para tu comodidad y satisfacci\u00f3n. Contamos con la experiencia, licencias y seguros necesarios para la misma.<br \/>\n[vc_row][vc_column][vc_btn title=\u00bbAsesor\u00eda Gratuita\u00bb style=\u00bbflat\u00bb shape=\u00bbround\u00bb color=\u00bbgreen\u00bb size=\u00bblg\u00bb align=\u00bbcenter\u00bb link=\u00bburl:https%3A%2F%2Fcloset-makers.com%2Fes%2Fasesoria-gratuita%2F|title:Asesor%C3%ADa%20Gratuita\u00bb][\/vc_column][\/vc_row]<\/p>\n","protected":false},"featured_media":6376,"template":"","meta":[],"product_cat":[169],"product_tag":[],"class_list":{"0":"post-6027","1":"product","2":"type-product","3":"status-publish","4":"has-post-thumbnail","6":"product_cat-otros-productos","8":"first","9":"instock","10":"shipping-taxable","11":"product-type-simple"},"aioseo_notices":[],"_links":{"self":[{"href":"https:\/\/closet-makers.com\/es\/wp-json\/wp\/v2\/product\/6027","targetHints":{"allow":["GET"]}}],"collection":[{"href":"https:\/\/closet-makers.com\/es\/wp-json\/wp\/v2\/product"}],"about":[{"href":"https:\/\/closet-makers.com\/es\/wp-json\/wp\/v2\/types\/product"}],"wp:featuredmedia":[{"embeddable":true,"href":"https:\/\/closet-makers.com\/es\/wp-json\/wp\/v2\/media\/6376"}],"wp:attachment":[{"href":"https:\/\/closet-makers.com\/es\/wp-json\/wp\/v2\/media?parent=6027"}],"wp:term":[{"taxonomy":"product_cat","embeddable":true,"href":"https:\/\/closet-makers.com\/es\/wp-json\/wp\/v2\/product_cat?post=6027"},{"taxonomy":"product_tag","embeddable":true,"href":"https:\/\/closet-makers.com\/es\/wp-json\/wp\/v2\/product_tag?post=6027"}],"curies":[{"name":"wp","href":"https:\/\/api.w.org\/{rel}","templated":true}]}}