{"id":6026,"date":"2020-05-04T15:42:00","date_gmt":"2020-05-04T15:42:00","guid":{"rendered":"http:\/\/localhost\/cm-es\/?post_type=product&#038;p=6026"},"modified":"2023-05-18T15:28:56","modified_gmt":"2023-05-18T21:28:56","slug":"comercial","status":"publish","type":"product","link":"https:\/\/closet-makers.com\/es\/productos\/comercial\/","title":{"rendered":"Comercial"},"content":{"rendered":"","protected":false},"excerpt":{"rendered":"<h4>Oficinas<\/h4>\n<p>Si la oficina es uno de los lugares donde m\u00e1s tiempo pasas, es importante tu toque personal y adue\u00f1arse de estos ambientes. Ampliar espacios, generar sensaciones o producir climas, son algunos de los efectos que se pueden lograr con nuestros muebles. An\u00edmate y convierte tu lugar de trabajo en un espacio m\u00e1s c\u00f3modo, agradable y productivo.<\/p>\n<h4>Restaurantes<\/h4>\n<p>Si bien la calidad y el estilo de la comida que se sirva son factores determinantes en tu restaurante. Los muebles, barras y estanter\u00edas permiten que se resalten los atractivos y productos principales que dar\u00e1n vida al lugar. Por esta raz\u00f3n la sinton\u00eda entre el estilo del lugar, su oferta de comida y la adecuaci\u00f3n f\u00edsica del restaurante son factores determinantes para el \u00e9xito de su negocio. D\u00e9janos saber tus ideas y nosotros las realizamos basada en nuestra experiencia y dise\u00f1o.<\/p>\n<h4>Tiendas<\/h4>\n<p>D\u00e9janos renovar y personalizar el mobiliario de tu tienda o store. Realizaremos el dise\u00f1o que m\u00e1s se adecue a la tienda y productos, para lograr m\u00e1s visibilidad con tus clientes, d\u00e1ndole el toque de exclusividad que ellos tanto buscan.<br \/>\n[vc_row][vc_column][vc_btn title=\u00bbAsesor\u00eda Gratuita\u00bb style=\u00bbflat\u00bb shape=\u00bbround\u00bb color=\u00bbgreen\u00bb size=\u00bblg\u00bb align=\u00bbcenter\u00bb link=\u00bburl:https%3A%2F%2Fcloset-makers.com%2Fes%2Fasesoria-gratuita%2F|title:Asesor%C3%ADa%20Gratuita\u00bb][\/vc_column][\/vc_row]<\/p>\n","protected":false},"featured_media":6383,"template":"","meta":[],"product_cat":[169],"product_tag":[],"class_list":{"0":"post-6026","1":"product","2":"type-product","3":"status-publish","4":"has-post-thumbnail","6":"product_cat-otros-productos","8":"first","9":"instock","10":"shipping-taxable","11":"product-type-simple"},"aioseo_notices":[],"_links":{"self":[{"href":"https:\/\/closet-makers.com\/es\/wp-json\/wp\/v2\/product\/6026","targetHints":{"allow":["GET"]}}],"collection":[{"href":"https:\/\/closet-makers.com\/es\/wp-json\/wp\/v2\/product"}],"about":[{"href":"https:\/\/closet-makers.com\/es\/wp-json\/wp\/v2\/types\/product"}],"wp:featuredmedia":[{"embeddable":true,"href":"https:\/\/closet-makers.com\/es\/wp-json\/wp\/v2\/media\/6383"}],"wp:attachment":[{"href":"https:\/\/closet-makers.com\/es\/wp-json\/wp\/v2\/media?parent=6026"}],"wp:term":[{"taxonomy":"product_cat","embeddable":true,"href":"https:\/\/closet-makers.com\/es\/wp-json\/wp\/v2\/product_cat?post=6026"},{"taxonomy":"product_tag","embeddable":true,"href":"https:\/\/closet-makers.com\/es\/wp-json\/wp\/v2\/product_tag?post=6026"}],"curies":[{"name":"wp","href":"https:\/\/api.w.org\/{rel}","templated":true}]}}