{"id":6024,"date":"2020-05-04T15:41:59","date_gmt":"2020-05-04T15:41:59","guid":{"rendered":"http:\/\/localhost\/cm-es\/?post_type=product&#038;p=6024"},"modified":"2023-05-18T15:29:12","modified_gmt":"2023-05-18T21:29:12","slug":"cocinas","status":"publish","type":"product","link":"https:\/\/closet-makers.com\/es\/productos\/cocinas\/","title":{"rendered":"Cocinas"},"content":{"rendered":"","protected":false},"excerpt":{"rendered":"<p>La cocina es hoy en d\u00eda el lugar m\u00e1s especial en el hogar, porque te permite compartir experiencias familiares \u00fanicas. Los gabinetes de cocinas a medida deben ser funcionales, pr\u00e1cticos y organizados.<\/p>\n<p>Te ofrecemos dise\u00f1os exclusivos y personalizados, la mejor calidad, estilos cl\u00e1sicos o modernos y de esta forma puedas transformar tu cocina en un espacio de ensue\u00f1os.<\/p>\n<p>[vc_row][vc_column][vc_btn title=\u00bbAsesor\u00eda Gratuita\u00bb style=\u00bbflat\u00bb shape=\u00bbround\u00bb color=\u00bbgreen\u00bb size=\u00bblg\u00bb align=\u00bbcenter\u00bb link=\u00bburl:https%3A%2F%2Fcloset-makers.com%2Fes%2Fasesoria-gratuita%2F|title:Asesor%C3%ADa%20Gratuita\u00bb][\/vc_column][\/vc_row]<\/p>\n","protected":false},"featured_media":6349,"template":"","meta":[],"product_cat":[167],"product_tag":[],"class_list":{"0":"post-6024","1":"product","2":"type-product","3":"status-publish","4":"has-post-thumbnail","6":"product_cat-productos","8":"first","9":"instock","10":"shipping-taxable","11":"product-type-simple"},"aioseo_notices":[],"_links":{"self":[{"href":"https:\/\/closet-makers.com\/es\/wp-json\/wp\/v2\/product\/6024","targetHints":{"allow":["GET"]}}],"collection":[{"href":"https:\/\/closet-makers.com\/es\/wp-json\/wp\/v2\/product"}],"about":[{"href":"https:\/\/closet-makers.com\/es\/wp-json\/wp\/v2\/types\/product"}],"wp:featuredmedia":[{"embeddable":true,"href":"https:\/\/closet-makers.com\/es\/wp-json\/wp\/v2\/media\/6349"}],"wp:attachment":[{"href":"https:\/\/closet-makers.com\/es\/wp-json\/wp\/v2\/media?parent=6024"}],"wp:term":[{"taxonomy":"product_cat","embeddable":true,"href":"https:\/\/closet-makers.com\/es\/wp-json\/wp\/v2\/product_cat?post=6024"},{"taxonomy":"product_tag","embeddable":true,"href":"https:\/\/closet-makers.com\/es\/wp-json\/wp\/v2\/product_tag?post=6024"}],"curies":[{"name":"wp","href":"https:\/\/api.w.org\/{rel}","templated":true}]}}