{"id":5006,"date":"2017-01-06T17:06:47","date_gmt":"2017-01-06T17:06:47","guid":{"rendered":"http:\/\/claue.dev\/demo\/product\/calvin-klein-logo-sweatpants\/"},"modified":"2023-05-18T15:26:46","modified_gmt":"2023-05-18T21:26:46","slug":"reach-in-closets","status":"publish","type":"product","link":"https:\/\/closet-makers.com\/es\/productos\/reach-in-closets\/","title":{"rendered":"Reach In Closets"},"content":{"rendered":"","protected":false},"excerpt":{"rendered":"<p>Con el dise\u00f1o adecuado puedes convertir tu Reach In Closet en un espacio funcional y organizado, maximizando cada parte del mismo, con la comodidad que te mereces. Tambi\u00e9n instalamos puertas de vidrio, espejo, acr\u00edlico o madera que le dan un toque de elegancia y exclusividad a tu habitaci\u00f3n.<\/p>\n<p>[vc_row][vc_column][vc_btn title=\u00bbAsesor\u00eda Gratuita\u00bb style=\u00bbflat\u00bb shape=\u00bbround\u00bb color=\u00bbgreen\u00bb size=\u00bblg\u00bb align=\u00bbcenter\u00bb link=\u00bburl:https%3A%2F%2Fcloset-makers.com%2Fes%2Fasesoria-gratuita%2F|title:Asesor%C3%ADa%20Gratuita\u00bb][\/vc_column][\/vc_row]<\/p>\n","protected":false},"featured_media":6206,"template":"","meta":[],"product_cat":[168],"product_tag":[],"class_list":{"0":"post-5006","1":"product","2":"type-product","3":"status-publish","4":"has-post-thumbnail","6":"product_cat-closets","8":"first","9":"instock","10":"shipping-taxable","11":"product-type-simple"},"aioseo_notices":[],"_links":{"self":[{"href":"https:\/\/closet-makers.com\/es\/wp-json\/wp\/v2\/product\/5006","targetHints":{"allow":["GET"]}}],"collection":[{"href":"https:\/\/closet-makers.com\/es\/wp-json\/wp\/v2\/product"}],"about":[{"href":"https:\/\/closet-makers.com\/es\/wp-json\/wp\/v2\/types\/product"}],"wp:featuredmedia":[{"embeddable":true,"href":"https:\/\/closet-makers.com\/es\/wp-json\/wp\/v2\/media\/6206"}],"wp:attachment":[{"href":"https:\/\/closet-makers.com\/es\/wp-json\/wp\/v2\/media?parent=5006"}],"wp:term":[{"taxonomy":"product_cat","embeddable":true,"href":"https:\/\/closet-makers.com\/es\/wp-json\/wp\/v2\/product_cat?post=5006"},{"taxonomy":"product_tag","embeddable":true,"href":"https:\/\/closet-makers.com\/es\/wp-json\/wp\/v2\/product_tag?post=5006"}],"curies":[{"name":"wp","href":"https:\/\/api.w.org\/{rel}","templated":true}]}}