{"id":4082,"date":"2016-04-05T15:20:39","date_gmt":"2016-04-05T21:20:39","guid":{"rendered":"http:\/\/janstudio.net\/gecko\/?page_id=4082"},"modified":"2024-01-18T12:46:41","modified_gmt":"2024-01-18T18:46:41","slug":"closet-makers-by-jf-creations","status":"publish","type":"page","link":"https:\/\/closet-makers.com\/es\/","title":{"rendered":"Closet-Makers by JF Creations"},"content":{"rendered":"<div class=\"wpb-content-wrapper\"><p>[vc_row fullwidth=\u00bbyes\u00bb wrap=\u00bbyes\u00bb css=\u00bb.vc_custom_1479316773323{background-color: #f8f8fa !important;}\u00bb][vc_column][\/vc_column][\/vc_row][vc_row css=\u00bb.vc_custom_1588023588499{margin-top: 50px !important;margin-bottom: 25px !important;}\u00bb][vc_column][vc_custom_heading divider=\u00bbyes\u00bb text=\u00bbCLOSET-MAKERS.com\u00bb font_container=\u00bbtag:h1|font_size:40|text_align:center|line_height:36px\u00bb use_theme_fonts=\u00bbyes\u00bb css_animation=\u00bbnone\u00bb separator=\u00bbyes\u00bb][vc_column_text css=\u00bb.vc_custom_1594745950819{padding-top: 15px !important;}\u00bb]<\/p>\n<p style=\"text-align: center;\"><span style=\"font-size: 18px; color: #797979;\">Dise\u00f1o y fabricaci\u00f3n de muebles personalizados para closets, cocinas, muebles de pared, ba\u00f1o, lavander\u00eda, garaje, estudio, oficina y comercios. Cl\u00e1sicos, contempor\u00e1neos y modernos de acuerdo con tus necesidades y gustos.<\/span><\/p>\n<p>[\/vc_column_text][\/vc_column][\/vc_row][vc_row fullwidth=\u00bbyes\u00bb css=\u00bb.vc_custom_1588025192004{margin-top: 25px !important;margin-right: 25px !important;margin-bottom: 25px !important;margin-left: 25px !important;}\u00bb][vc_column width=\u00bb1\/2&#8243;]<div class=\"jas-banner pr oh\"><a href=\"https:\/\/closet-makers.com\/es\/category\/productos\/closets\/\"><img loading=\"lazy\" decoding=\"async\" width=\"769\" height=\"1024\" src=\"https:\/\/closet-makers.com\/es\/wp-content\/uploads\/2020\/06\/Closets-Products-Home-769x1024.jpg\" class=\"w__100\" alt=\"Closets\" srcset=\"https:\/\/closet-makers.com\/es\/wp-content\/uploads\/2020\/06\/Closets-Products-Home-769x1024.jpg 769w, https:\/\/closet-makers.com\/es\/wp-content\/uploads\/2020\/06\/Closets-Products-Home-470x626.jpg 470w, https:\/\/closet-makers.com\/es\/wp-content\/uploads\/2020\/06\/Closets-Products-Home-113x150.jpg 113w, https:\/\/closet-makers.com\/es\/wp-content\/uploads\/2020\/06\/Closets-Products-Home-750x999.jpg 750w, https:\/\/closet-makers.com\/es\/wp-content\/uploads\/2020\/06\/Closets-Products-Home-225x300.jpg 225w, https:\/\/closet-makers.com\/es\/wp-content\/uploads\/2020\/06\/Closets-Products-Home-768x1023.jpg 768w, https:\/\/closet-makers.com\/es\/wp-content\/uploads\/2020\/06\/Closets-Products-Home.jpg 1000w\" sizes=\"auto, (max-width: 769px) 100vw, 769px\" \/><\/a><h3 class=\"pa tc\">Closets<\/h3><\/div>[\/vc_column][vc_column width=\u00bb1\/2&#8243;][vc_row_inner][vc_column_inner]<div class=\"jas-banner pr oh\"><a href=\"https:\/\/closet-makers.com\/es\/productos\/cocinas\/\" title=\"Cocinas\"><img loading=\"lazy\" decoding=\"async\" width=\"1000\" height=\"655\" src=\"https:\/\/closet-makers.com\/es\/wp-content\/uploads\/2020\/05\/Kitchens-Products-Home.jpg\" class=\"w__100\" alt=\"Cocinas\" srcset=\"https:\/\/closet-makers.com\/es\/wp-content\/uploads\/2020\/05\/Kitchens-Products-Home.jpg 1000w, https:\/\/closet-makers.com\/es\/wp-content\/uploads\/2020\/05\/Kitchens-Products-Home-470x308.jpg 470w, https:\/\/closet-makers.com\/es\/wp-content\/uploads\/2020\/05\/Kitchens-Products-Home-120x79.jpg 120w, https:\/\/closet-makers.com\/es\/wp-content\/uploads\/2020\/05\/Kitchens-Products-Home-750x491.jpg 750w, https:\/\/closet-makers.com\/es\/wp-content\/uploads\/2020\/05\/Kitchens-Products-Home-300x197.jpg 300w, https:\/\/closet-makers.com\/es\/wp-content\/uploads\/2020\/05\/Kitchens-Products-Home-150x98.jpg 150w, https:\/\/closet-makers.com\/es\/wp-content\/uploads\/2020\/05\/Kitchens-Products-Home-768x503.jpg 768w\" sizes=\"auto, (max-width: 1000px) 100vw, 1000px\" \/><\/a><h3 class=\"pa tc\">Cocinas<\/h3><\/div>[\/vc_column_inner][\/vc_row_inner][vc_row_inner][vc_column_inner width=\u00bb1\/2&#8243;]<div class=\"jas-banner pr oh\"><a href=\"https:\/\/closet-makers.com\/es\/productos\/remodelacion\/\" title=\"Remodelaci\u00f3n\"><img loading=\"lazy\" decoding=\"async\" width=\"769\" height=\"1024\" src=\"https:\/\/closet-makers.com\/es\/wp-content\/uploads\/2020\/06\/Remodeling-Products-Home-769x1024.jpg\" class=\"w__100\" alt=\"Remodelaci\u00f3n\" srcset=\"https:\/\/closet-makers.com\/es\/wp-content\/uploads\/2020\/06\/Remodeling-Products-Home-769x1024.jpg 769w, https:\/\/closet-makers.com\/es\/wp-content\/uploads\/2020\/06\/Remodeling-Products-Home-470x626.jpg 470w, https:\/\/closet-makers.com\/es\/wp-content\/uploads\/2020\/06\/Remodeling-Products-Home-113x150.jpg 113w, https:\/\/closet-makers.com\/es\/wp-content\/uploads\/2020\/06\/Remodeling-Products-Home-750x999.jpg 750w, https:\/\/closet-makers.com\/es\/wp-content\/uploads\/2020\/06\/Remodeling-Products-Home-225x300.jpg 225w, https:\/\/closet-makers.com\/es\/wp-content\/uploads\/2020\/06\/Remodeling-Products-Home-768x1023.jpg 768w, https:\/\/closet-makers.com\/es\/wp-content\/uploads\/2020\/06\/Remodeling-Products-Home.jpg 1000w\" sizes=\"auto, (max-width: 769px) 100vw, 769px\" \/><\/a><h3 class=\"pa tc\">Remodelaci\u00f3n<\/h3><\/div>[\/vc_column_inner][vc_column_inner width=\u00bb1\/2&#8243;]<div class=\"jas-banner pr oh\"><a href=\"https:\/\/closet-makers.com\/es\/category\/productos\/otros-productos\/\"><img loading=\"lazy\" decoding=\"async\" width=\"769\" height=\"1024\" src=\"https:\/\/closet-makers.com\/es\/wp-content\/uploads\/2020\/06\/Other-Products-Home-769x1024.jpg\" class=\"w__100\" alt=\"Otros Productos\" srcset=\"https:\/\/closet-makers.com\/es\/wp-content\/uploads\/2020\/06\/Other-Products-Home-769x1024.jpg 769w, https:\/\/closet-makers.com\/es\/wp-content\/uploads\/2020\/06\/Other-Products-Home-470x626.jpg 470w, https:\/\/closet-makers.com\/es\/wp-content\/uploads\/2020\/06\/Other-Products-Home-113x150.jpg 113w, https:\/\/closet-makers.com\/es\/wp-content\/uploads\/2020\/06\/Other-Products-Home-750x999.jpg 750w, https:\/\/closet-makers.com\/es\/wp-content\/uploads\/2020\/06\/Other-Products-Home-225x300.jpg 225w, https:\/\/closet-makers.com\/es\/wp-content\/uploads\/2020\/06\/Other-Products-Home-768x1023.jpg 768w, https:\/\/closet-makers.com\/es\/wp-content\/uploads\/2020\/06\/Other-Products-Home.jpg 1000w\" sizes=\"auto, (max-width: 769px) 100vw, 769px\" \/><\/a><h3 class=\"pa tc\">Otros Productos<\/h3><\/div>[\/vc_column_inner][\/vc_row_inner][\/vc_column][\/vc_row][vc_row css=\u00bb.vc_custom_1588022446423{margin-top: 25px !important;margin-bottom: 25px !important;}\u00bb][vc_column][vc_custom_heading divider=\u00bbyes\u00bb text=\u00bbAsesor\u00eda Gratuita\u00bb font_container=\u00bbtag:h3|font_size:40|text_align:center|line_height:36px\u00bb use_theme_fonts=\u00bbyes\u00bb css_animation=\u00bbnone\u00bb separator=\u00bbyes\u00bb][\/vc_column][\/vc_row][vc_row css=\u00bb.vc_custom_1588110557468{padding-top: 35px !important;padding-bottom: 25px !important;}\u00bb][vc_column width=\u00bb3\/12&#8243;][\/vc_column][vc_column width=\u00bb6\/12&#8243;]\n<div class=\"wpcf7 no-js\" id=\"wpcf7-f5997-o1\" lang=\"en-US\" dir=\"ltr\" data-wpcf7-id=\"5997\">\n<div class=\"screen-reader-response\"><p role=\"status\" aria-live=\"polite\" aria-atomic=\"true\"><\/p> <ul><\/ul><\/div>\n<form action=\"\/es\/wp-json\/wp\/v2\/pages\/4082#wpcf7-f5997-o1\" method=\"post\" class=\"wpcf7-form init\" aria-label=\"Contact form\" novalidate=\"novalidate\" data-status=\"init\">\n<div style=\"display: none;\">\n<input type=\"hidden\" name=\"_wpcf7\" value=\"5997\" \/>\n<input type=\"hidden\" name=\"_wpcf7_version\" value=\"6.0\" \/>\n<input type=\"hidden\" name=\"_wpcf7_locale\" value=\"en_US\" \/>\n<input type=\"hidden\" name=\"_wpcf7_unit_tag\" value=\"wpcf7-f5997-o1\" \/>\n<input type=\"hidden\" name=\"_wpcf7_container_post\" value=\"0\" \/>\n<input type=\"hidden\" name=\"_wpcf7_posted_data_hash\" value=\"\" \/>\n<input type=\"hidden\" name=\"_wpcf7_recaptcha_response\" value=\"\" \/>\n<\/div>\n<p style=\"text-align: center;\">D\u00e9janos tus datos y te contactaremos para agendar una visita virtual o presencial, asesor\u00eda y estimaci\u00f3n gratuita.\n<\/p>\n<p class=\"cws_width_100\"><span class=\"wpcf7-form-control-wrap\" data-name=\"full-name\"><input size=\"40\" maxlength=\"400\" class=\"wpcf7-form-control wpcf7-text wpcf7-validates-as-required w__100\" aria-required=\"true\" aria-invalid=\"false\" placeholder=\"Tu Nombre*\" value=\"\" type=\"text\" name=\"full-name\" \/><\/span>\n<\/p>\n<p class=\"cws_width_50\"><span class=\"wpcf7-form-control-wrap\" data-name=\"phone\"><input size=\"40\" maxlength=\"400\" class=\"wpcf7-form-control wpcf7-text wpcf7-validates-as-required w__100\" aria-required=\"true\" aria-invalid=\"false\" placeholder=\"Tu n\u00famero telef\u00f3nico*\" value=\"\" type=\"text\" name=\"phone\" \/><\/span>\n<\/p>\n<p class=\"cws_width_50\"><span class=\"wpcf7-form-control-wrap\" data-name=\"email\"><input size=\"40\" maxlength=\"400\" class=\"wpcf7-form-control wpcf7-email wpcf7-validates-as-required wpcf7-text wpcf7-validates-as-email w__100\" aria-required=\"true\" aria-invalid=\"false\" placeholder=\"Tu email*\" value=\"\" type=\"email\" name=\"email\" \/><\/span>\n<\/p>\n<p style=\"text-align: center;\"><span class=\"wpcf7-form-control-wrap\" data-name=\"terminos\"><span class=\"wpcf7-form-control wpcf7-acceptance\"><span class=\"wpcf7-list-item\"><label><input type=\"checkbox\" name=\"terminos\" value=\"1\" aria-invalid=\"false\" \/><span class=\"wpcf7-list-item-label\">He leido y acepto las <a target=\"_blank\" href=\"http:\/\/localhost\/cm-es\/politicas-de-privacidad\/\">pol\u00edticas de privacidad<\/a><\/span><\/label><\/span><\/span><\/span>\n<\/p>\n\n<p style=\"margin-bottom: 0\"><span class=\"wpcf7-form-control-wrap\" data-name=\"hcap-cf7\">\t\t<input\n\t\t\t\ttype=\"hidden\"\n\t\t\t\tclass=\"hcaptcha-widget-id\"\n\t\t\t\tname=\"hcaptcha-widget-id\"\n\t\t\t\tvalue=\"eyJzb3VyY2UiOlsiY29udGFjdC1mb3JtLTdcL3dwLWNvbnRhY3QtZm9ybS03LnBocCJdLCJmb3JtX2lkIjo1OTk3fQ==-47d2ee11fa43fb5ee2fcb663d79c2e5c\">\n\t\t\t\t<span id=\"hcap_cf7-69ea1f00a51dd2.39368569\" class=\"wpcf7-form-control h-captcha \"\n\t\t\t\tdata-sitekey=\"cbbf8c93-03a5-4985-84dd-28216aef83bc\"\n\t\t\t\tdata-theme=\"light\"\n\t\t\t\tdata-size=\"normal\"\n\t\t\t\tdata-auto=\"false\"\n\t\t\t\tdata-force=\"false\">\n\t\t<\/span>\n\t\t<input type=\"hidden\" id=\"_wpnonce\" name=\"_wpnonce\" value=\"6772c46b78\" \/><input type=\"hidden\" name=\"_wp_http_referer\" value=\"\/es\/wp-json\/wp\/v2\/pages\/4082\" \/><\/span><input class=\"wpcf7-form-control wpcf7-submit has-spinner w__100 button-o\" type=\"submit\" value=\"Enviar Email\" \/>\n<\/p><div class=\"wpcf7-response-output\" aria-hidden=\"true\"><\/div>\n<\/form>\n<\/div>\n[\/vc_column][vc_column width=\u00bb3\/12&#8243;][\/vc_column][\/vc_row]<\/p>\n<\/div>","protected":false},"excerpt":{"rendered":"<p>[vc_row fullwidth=\u00bbyes\u00bb wrap=\u00bbyes\u00bb css=\u00bb.vc_custom_1479316773323{background-color: #f8f8fa !important;}\u00bb][vc_column][\/vc_column][\/vc_row][vc_row css=\u00bb.vc_custom_1588023588499{margin-top: 50px !important;margin-bottom: 25px !important;}\u00bb][vc_column][vc_custom_heading divider=\u00bbyes\u00bb text=\u00bbCLOSET-MAKERS.com\u00bb font_container=\u00bbtag:h1|font_size:40|text_align:center|line_height:36px\u00bb use_theme_fonts=\u00bbyes\u00bb css_animation=\u00bbnone\u00bb separator=\u00bbyes\u00bb][vc_column_text css=\u00bb.vc_custom_1594745950819{padding-top: 15px !important;}\u00bb] Dise\u00f1o y fabricaci\u00f3n de muebles personalizados para closets, cocinas, muebles de pared, ba\u00f1o, lavander\u00eda, garaje, estudio, oficina y comercios. Cl\u00e1sicos, contempor\u00e1neos y modernos de acuerdo con tus necesidades y gustos. [\/vc_column_text][\/vc_column][\/vc_row][vc_row fullwidth=\u00bbyes\u00bb css=\u00bb.vc_custom_1588025192004{margin-top: 25px !important;margin-right: [&hellip;]<\/p>\n","protected":false},"author":1,"featured_media":0,"parent":0,"menu_order":0,"comment_status":"closed","ping_status":"closed","template":"","meta":{"footnotes":""},"class_list":["post-4082","page","type-page","status-publish","hentry"],"aioseo_notices":[],"_links":{"self":[{"href":"https:\/\/closet-makers.com\/es\/wp-json\/wp\/v2\/pages\/4082","targetHints":{"allow":["GET"]}}],"collection":[{"href":"https:\/\/closet-makers.com\/es\/wp-json\/wp\/v2\/pages"}],"about":[{"href":"https:\/\/closet-makers.com\/es\/wp-json\/wp\/v2\/types\/page"}],"author":[{"embeddable":true,"href":"https:\/\/closet-makers.com\/es\/wp-json\/wp\/v2\/users\/1"}],"replies":[{"embeddable":true,"href":"https:\/\/closet-makers.com\/es\/wp-json\/wp\/v2\/comments?post=4082"}],"version-history":[{"count":1,"href":"https:\/\/closet-makers.com\/es\/wp-json\/wp\/v2\/pages\/4082\/revisions"}],"predecessor-version":[{"id":6862,"href":"https:\/\/closet-makers.com\/es\/wp-json\/wp\/v2\/pages\/4082\/revisions\/6862"}],"wp:attachment":[{"href":"https:\/\/closet-makers.com\/es\/wp-json\/wp\/v2\/media?parent=4082"}],"curies":[{"name":"wp","href":"https:\/\/api.w.org\/{rel}","templated":true}]}}