{"id":3035,"date":"2015-12-24T13:43:34","date_gmt":"2015-12-24T13:43:34","guid":{"rendered":"http:\/\/flow.elated-themes.com\/?page_id=3035"},"modified":"2020-07-13T15:57:32","modified_gmt":"2020-07-13T21:57:32","slug":"asesoria-gratuita","status":"publish","type":"page","link":"https:\/\/closet-makers.com\/es\/asesoria-gratuita\/","title":{"rendered":"Asesor\u00eda Gratuita"},"content":{"rendered":"<div class=\"wpb-content-wrapper\"><p>[vc_row fullwidth=\u00bbyes\u00bb wrap=\u00bbyes\u00bb css=\u00bb.vc_custom_1594677449516{margin-top: 60px !important;margin-bottom: 60px !important;}\u00bb][vc_column width=\u00bb7\/12&#8243;]\n<div class=\"wpcf7 no-js\" id=\"wpcf7-f6090-o1\" lang=\"en-US\" dir=\"ltr\" data-wpcf7-id=\"6090\">\n<div class=\"screen-reader-response\"><p role=\"status\" aria-live=\"polite\" aria-atomic=\"true\"><\/p> <ul><\/ul><\/div>\n<form action=\"\/es\/wp-json\/wp\/v2\/pages\/3035#wpcf7-f6090-o1\" method=\"post\" class=\"wpcf7-form init\" aria-label=\"Contact form\" novalidate=\"novalidate\" data-status=\"init\">\n<div style=\"display: none;\">\n<input type=\"hidden\" name=\"_wpcf7\" value=\"6090\" \/>\n<input type=\"hidden\" name=\"_wpcf7_version\" value=\"6.0\" \/>\n<input type=\"hidden\" name=\"_wpcf7_locale\" value=\"en_US\" \/>\n<input type=\"hidden\" name=\"_wpcf7_unit_tag\" value=\"wpcf7-f6090-o1\" \/>\n<input type=\"hidden\" name=\"_wpcf7_container_post\" value=\"0\" \/>\n<input type=\"hidden\" name=\"_wpcf7_posted_data_hash\" value=\"\" \/>\n<input type=\"hidden\" name=\"_wpcf7_recaptcha_response\" value=\"\" \/>\n<\/div>\n<p >D\u00e9janos tus datos y te contactaremos para agendar una visita virtual o presencial, asesor\u00eda y estimaci\u00f3n gratuita.\n<\/p>\n<p class=\"cws_width_100\"><span class=\"wpcf7-form-control-wrap\" data-name=\"full-name\"><input size=\"40\" maxlength=\"400\" class=\"wpcf7-form-control wpcf7-text wpcf7-validates-as-required w__100\" aria-required=\"true\" aria-invalid=\"false\" placeholder=\"Tu Nombre*\" value=\"\" type=\"text\" name=\"full-name\" \/><\/span>\n<\/p>\n<p class=\"cws_width_50\"><span class=\"wpcf7-form-control-wrap\" data-name=\"phone\"><input size=\"40\" maxlength=\"400\" class=\"wpcf7-form-control wpcf7-text wpcf7-validates-as-required w__100\" aria-required=\"true\" aria-invalid=\"false\" placeholder=\"Tu n\u00famero telef\u00f3nico*\" value=\"\" type=\"text\" name=\"phone\" \/><\/span>\n<\/p>\n<p class=\"cws_width_50\"><span class=\"wpcf7-form-control-wrap\" data-name=\"email\"><input size=\"40\" maxlength=\"400\" class=\"wpcf7-form-control wpcf7-email wpcf7-validates-as-required wpcf7-text wpcf7-validates-as-email w__100\" aria-required=\"true\" aria-invalid=\"false\" placeholder=\"Tu email*\" value=\"\" type=\"email\" name=\"email\" \/><\/span>\n<\/p>\n<p class=\"cws_width_100\"><span class=\"wpcf7-form-control-wrap\" data-name=\"your-message\"><textarea cols=\"40\" rows=\"3\" maxlength=\"2000\" class=\"wpcf7-form-control wpcf7-textarea w__100\" aria-invalid=\"false\" placeholder=\"Mensaje\" name=\"your-message\"><\/textarea><\/span>\n<\/p>\n<p style=\"text-align: center;\"><span class=\"wpcf7-form-control-wrap\" data-name=\"terminos\"><span class=\"wpcf7-form-control wpcf7-acceptance\"><span class=\"wpcf7-list-item\"><label><input type=\"checkbox\" name=\"terminos\" value=\"1\" aria-invalid=\"false\" \/><span class=\"wpcf7-list-item-label\">He leido y acepto las <a target=\"_blank\" href=\"http:\/\/localhost\/cm-es\/politicas-de-privacidad\/\">pol\u00edticas de privacidad<\/a><\/span><\/label><\/span><\/span><\/span>\n<\/p>\n\n<p style=\"margin-bottom: 0\"><span class=\"wpcf7-form-control-wrap\" data-name=\"hcap-cf7\">\t\t<input\n\t\t\t\ttype=\"hidden\"\n\t\t\t\tclass=\"hcaptcha-widget-id\"\n\t\t\t\tname=\"hcaptcha-widget-id\"\n\t\t\t\tvalue=\"eyJzb3VyY2UiOlsiY29udGFjdC1mb3JtLTdcL3dwLWNvbnRhY3QtZm9ybS03LnBocCJdLCJmb3JtX2lkIjo2MDkwfQ==-366230a5d5951c20780bf0b16e085902\">\n\t\t\t\t<span id=\"hcap_cf7-69ea31d55dc1a7.14493099\" class=\"wpcf7-form-control h-captcha \"\n\t\t\t\tdata-sitekey=\"cbbf8c93-03a5-4985-84dd-28216aef83bc\"\n\t\t\t\tdata-theme=\"light\"\n\t\t\t\tdata-size=\"normal\"\n\t\t\t\tdata-auto=\"false\"\n\t\t\t\tdata-force=\"false\">\n\t\t<\/span>\n\t\t<input type=\"hidden\" id=\"_wpnonce\" name=\"_wpnonce\" value=\"6772c46b78\" \/><input type=\"hidden\" name=\"_wp_http_referer\" value=\"\/es\/wp-json\/wp\/v2\/pages\/3035\" \/><\/span><input class=\"wpcf7-form-control wpcf7-submit has-spinner w__100 button-o\" type=\"submit\" value=\"Enviar Email\" \/>\n<\/p><div class=\"wpcf7-response-output\" aria-hidden=\"true\"><\/div>\n<\/form>\n<\/div>\n[\/vc_column][vc_column width=\u00bb5\/12&#8243;][vc_column_text css=\u00bb.vc_custom_1594344482409{margin-bottom: 1em !important;}\u00bb]<\/p>\n<h3>Informaci\u00f3n de Contacto<\/h3>\n<p>[\/vc_column_text][vc_column_text]<i class=\"fa fa-home\"><\/i> 2718 NW 30th Ave, Lauderdale Lakes, FL 33311<\/p>\n<p><i class=\"fa fa-phone\"><\/i> <a href=\"tel: (954) 604-6050\">(954) 604-6050<\/a> \/ <a href=\"tel: (772) 626-0379\">(772) 626-0379<\/a><\/p>\n<p><i class=\"fa fa-envelope\"><\/i> <a href=\"mailto:info@closet-makers.com\">info@closet-makers.com<\/a><\/p>\n<p><i class=\"fab fa-whatsapp\" style=\"color: #339966;\"><\/i> <span style=\"color: #339966;\"><a style=\"color: #339966;\" href=\"http:\/\/wa.me\/19546046050\">+1954 604 6050<\/a><\/span><\/p>\n<p><i class=\"fa fa-clock-o\"><\/i> Todos los d\u00edas 8:00-18:00[\/vc_column_text][\/vc_column][\/vc_row][vc_row fullwidth=\u00bbyes\u00bb full_width=\u00bbstretch_row_content\u00bb css=\u00bb.vc_custom_1588789371278{margin-top: 0px !important;margin-bottom: 0px !important;border-top-width: 0px !important;border-bottom-width: 0px !important;padding-top: 0px !important;padding-bottom: 0px !important;}\u00bb][vc_column css=\u00bb.vc_custom_1588789384947{margin-top: 0px !important;margin-bottom: 0px !important;border-top-width: 0px !important;border-bottom-width: 0px !important;padding-top: 0px !important;padding-bottom: 0px !important;}\u00bb][vc_column_text css=\u00bb.vc_custom_1588789397996{margin-top: 0px !important;margin-bottom: 0px !important;border-top-width: 0px !important;border-bottom-width: 0px !important;padding-top: 0px !important;padding-bottom: 0px !important;}\u00bb]<iframe loading=\"lazy\" style=\"border: 0;\" tabindex=\"0\" src=\"https:\/\/www.google.com\/maps\/embed?pb=!1m14!1m8!1m3!1d1790.560753492316!2d-80.185394!3d26.160172!3m2!1i1024!2i768!4f13.1!3m3!1m2!1s0x88d9014b7d3200ab%3A0x61b47be635413248!2s2718%20NW%2030th%20Ave%2C%20Lauderdale%20Lakes%2C%20FL%2033311%2C%20EE.%20UU.!5e0!3m2!1ses!2sgt!4v1588789188922!5m2!1ses!2sgt\" width=\"100%\" height=\"350\" frameborder=\"0\" allowfullscreen=\"allowfullscreen\" aria-hidden=\"false\"><\/iframe>[\/vc_column_text][\/vc_column][\/vc_row]<\/p>\n<\/div>","protected":false},"excerpt":{"rendered":"<p>[vc_row fullwidth=\u00bbyes\u00bb wrap=\u00bbyes\u00bb css=\u00bb.vc_custom_1594677449516{margin-top: 60px !important;margin-bottom: 60px !important;}\u00bb][vc_column width=\u00bb7\/12&#8243;][\/vc_column][vc_column width=\u00bb5\/12&#8243;][vc_column_text css=\u00bb.vc_custom_1594344482409{margin-bottom: 1em !important;}\u00bb] Informaci\u00f3n de Contacto [\/vc_column_text][vc_column_text] 2718 NW 30th Ave, Lauderdale Lakes, FL 33311 (954) 604-6050 \/ (772) 626-0379 info@closet-makers.com +1954 604 6050 Todos los d\u00edas 8:00-18:00[\/vc_column_text][\/vc_column][\/vc_row][vc_row fullwidth=\u00bbyes\u00bb full_width=\u00bbstretch_row_content\u00bb css=\u00bb.vc_custom_1588789371278{margin-top: 0px !important;margin-bottom: 0px !important;border-top-width: 0px !important;border-bottom-width: 0px !important;padding-top: 0px !important;padding-bottom: 0px !important;}\u00bb][vc_column css=\u00bb.vc_custom_1588789384947{margin-top: 0px [&hellip;]<\/p>\n","protected":false},"author":1,"featured_media":6101,"parent":0,"menu_order":0,"comment_status":"closed","ping_status":"closed","template":"","meta":{"footnotes":""},"class_list":["post-3035","page","type-page","status-publish","has-post-thumbnail","hentry"],"aioseo_notices":[],"_links":{"self":[{"href":"https:\/\/closet-makers.com\/es\/wp-json\/wp\/v2\/pages\/3035","targetHints":{"allow":["GET"]}}],"collection":[{"href":"https:\/\/closet-makers.com\/es\/wp-json\/wp\/v2\/pages"}],"about":[{"href":"https:\/\/closet-makers.com\/es\/wp-json\/wp\/v2\/types\/page"}],"author":[{"embeddable":true,"href":"https:\/\/closet-makers.com\/es\/wp-json\/wp\/v2\/users\/1"}],"replies":[{"embeddable":true,"href":"https:\/\/closet-makers.com\/es\/wp-json\/wp\/v2\/comments?post=3035"}],"version-history":[{"count":0,"href":"https:\/\/closet-makers.com\/es\/wp-json\/wp\/v2\/pages\/3035\/revisions"}],"wp:featuredmedia":[{"embeddable":true,"href":"https:\/\/closet-makers.com\/es\/wp-json\/wp\/v2\/media\/6101"}],"wp:attachment":[{"href":"https:\/\/closet-makers.com\/es\/wp-json\/wp\/v2\/media?parent=3035"}],"curies":[{"name":"wp","href":"https:\/\/api.w.org\/{rel}","templated":true}]}}